{"id":1718,"date":"2024-10-02T02:14:37","date_gmt":"2024-10-02T00:14:37","guid":{"rendered":"https:\/\/demo.xn--tuspo-bad-mnder-9vb.de\/handball\/home\/"},"modified":"2025-08-23T01:51:07","modified_gmt":"2025-08-22T23:51:07","slug":"home","status":"publish","type":"page","link":"https:\/\/demo.xn--tuspo-bad-mnder-9vb.de\/handball\/","title":{"rendered":""},"content":{"rendered":"\n<div class=\"wp-block-cover alignfull is-light\" style=\"min-height:470px;aspect-ratio:unset;\"><span aria-hidden=\"true\" class=\"wp-block-cover__background has-ast-global-color-5-background-color has-background-dim-0 has-background-dim\"><\/span><img decoding=\"async\" class=\"wp-block-cover__image-background wp-image-2331\" alt=\"\" src=\"https:\/\/demo.xn--tuspo-bad-mnder-9vb.de\/handball\/wp-content\/uploads\/sites\/24\/2024\/10\/handball1.jpeg\" data-object-fit=\"cover\" \/><div class=\"wp-block-cover__inner-container is-layout-constrained wp-container-core-cover-is-layout-e555385e wp-block-cover-is-layout-constrained\">\n\n<p class=\"has-text-align-center has-large-font-size\"><\/p>\n\n<\/div><\/div>\n\n\n\n<div class=\"wp-block-uagb-container uagb-block-3c2b710f alignfull uagb-is-root-container\"><div class=\"uagb-container-inner-blocks-wrap\">\n\t\t\t<div class=\"wp-block-uagb-post-grid uagb-post-grid  uagb-post__image-position-top uagb-post__image-enabled uagb-block-f59c426d     uagb-post__items uagb-post__columns-3 is-grid uagb-post__columns-tablet-2 uagb-post__columns-mobile-1 uagb-post__equal-height uagb-equal_height_inline-read-more-buttons\" data-total=\"0\" style=\"\">\n\n\t\t\t\t\t\t\t\t\t<p class=\"uagb-post__no-posts\">\n\t\t\t\t\t\t\t\t\t\t\t<\/p>\n\t\t\t\t\t\t\t\t\t\t<div class=\"uagb-post-pagination-wrap\">\n\t\t\t\t\t\t\t\t\t\t\t<\/div>\n\t\t\t\t\t\t\t\t<\/div>\n\t\t\t<\/div><\/div>\n\n\n\n<h2 class=\"wp-block-heading has-text-align-center has-ast-global-color-3-color has-ast-global-color-5-background-color has-text-color has-background has-link-color wp-elements-2a58f9e206560a2dabf941f400b339a5\" style=\"padding-top:20px;padding-bottom:20px\"><strong>Willkommen bei der Handballabteilung<\/strong><\/h2>\n\n\n\n<p class=\"has-medium-font-size\" style=\"line-height:2\">Liebe Freunde des Handballs, sch\u00f6n das ihr auf unserer Seite gelandet seid. Wir, die Handballabteilung der TUSPO Bad M\u00fcnder, haben im Jahr 2017 mit der HF Springe eine Spielgemeinschaft gegr\u00fcndet. Die HSG-Deister-S\u00fcntel. Aktuell trainieren nur die 2.Herren und unsere Ballinos in Bad M\u00fcnder, die restlichen Mannschaften trainieren in Springe. Auf der untenstehenden Seite der HSG-Deister-S\u00fcntel finden sie alles was sich rund um den Handball dreht.<\/p>\n\n\n\n<div class=\"wp-block-uagb-container uagb-block-e0921a45 alignfull uagb-is-root-container\">\n<h2 class=\"wp-block-heading has-text-align-center has-ast-global-color-5-color has-ast-global-color-3-background-color has-text-color has-background has-link-color wp-elements-eecb60299c4dc10fab9ab9a3a23e528f\" id=\"training\" style=\"padding-top:20px;padding-bottom:20px\"><strong>Training<\/strong><\/h2>\n<\/div>\n\n\n\n<div class=\"wp-block-group is-layout-grid wp-container-core-group-is-layout-5dde99e8 wp-block-group-is-layout-grid\" style=\"margin-top:0px;margin-bottom:0px;padding-top:10px;padding-right:30px;padding-bottom:10px;padding-left:30px\">\n<div class=\"wp-block-uagb-container uagb-block-f5ddc902 alignfull uagb-is-root-container\">\n<h4 class=\"wp-block-heading alignfull has-text-align-center\">Ballinos<\/h4>\n\n\n\n<div class=\"wp-block-group has-ast-global-color-3-color has-ast-global-color-1-background-color has-text-color has-background has-link-color wp-elements-ee76f41b1e0b30a0be0c743502b95c25 is-vertical is-layout-flex wp-container-core-group-is-layout-fe9cc265 wp-block-group-is-layout-flex\">\n<div class=\"wp-block-uagb-container uagb-block-07c3e618 alignfull uagb-is-root-container\"><div class=\"uagb-container-inner-blocks-wrap\">\n<h5 class=\"wp-block-heading has-text-align-center has-ast-global-color-3-color has-text-color has-link-color wp-elements-8bf4c937352a4b367db0c140af29ff6c\"><br>Mittwochs, 16:15 &#8211; 17:15 Uhr<\/h5>\n\n\n\n<div class=\"wp-block-uagb-separator uagb-block-af36010d\"><div class=\"wp-block-uagb-separator__inner\" style=\"--my-background-image:\"><\/div><\/div>\n<\/div><\/div>\n\n\n\n<div class=\"wp-block-uagb-container uagb-block-1841f96e alignfull uagb-is-root-container\"><div class=\"uagb-container-inner-blocks-wrap\">\n<h5 class=\"wp-block-heading has-text-align-center has-ast-global-color-3-color has-text-color has-link-color wp-elements-490b5c644d0118f1f935b31226f7f1d3\">Ort:<\/h5>\n<\/div><\/div>\n\n\n\n<div class=\"wp-block-uagb-container uagb-block-ee7fb004 alignfull uagb-is-root-container\"><div class=\"uagb-container-inner-blocks-wrap\">\n<h5 class=\"wp-block-heading has-text-align-center has-ast-global-color-3-color has-text-color has-link-color wp-elements-7a70e9848020ac0896c8519aa8769414\">Kellerstra\u00dfe 11, 31848 Bad M\u00fcnder<\/h5>\n<\/div><\/div>\n<\/div>\n<\/div>\n\n\n\n<div class=\"wp-block-uagb-container uagb-block-369f8ff6 alignfull uagb-is-root-container\">\n<h4 class=\"wp-block-heading alignfull has-text-align-center\">2. Herren<\/h4>\n\n\n\n<div class=\"wp-block-group has-ast-global-color-3-color has-ast-global-color-1-background-color has-text-color has-background has-link-color wp-elements-d47eaf2b4e17129c6f35b257b6b15c82 is-vertical is-layout-flex wp-container-core-group-is-layout-fe9cc265 wp-block-group-is-layout-flex\">\n<div class=\"wp-block-uagb-container uagb-block-035f7e32 alignfull uagb-is-root-container\"><div class=\"uagb-container-inner-blocks-wrap\">\n<h5 class=\"wp-block-heading has-text-align-center has-ast-global-color-3-color has-text-color has-link-color wp-elements-5a3bc3e7d7191c80c46d38ef53b65964\"><br>Donnerstag, 20:00 &#8211; 21:30 Uhr<\/h5>\n\n\n\n<div class=\"wp-block-uagb-separator uagb-block-184f0c9e\"><div class=\"wp-block-uagb-separator__inner\" style=\"--my-background-image:\"><\/div><\/div>\n<\/div><\/div>\n\n\n\n<div class=\"wp-block-uagb-container uagb-block-d27444f7 alignfull uagb-is-root-container\"><div class=\"uagb-container-inner-blocks-wrap\">\n<h5 class=\"wp-block-heading has-text-align-center has-ast-global-color-3-color has-text-color has-link-color wp-elements-490b5c644d0118f1f935b31226f7f1d3\">Ort:<\/h5>\n<\/div><\/div>\n\n\n\n<div class=\"wp-block-uagb-container uagb-block-d9c20c96 alignfull uagb-is-root-container\"><div class=\"uagb-container-inner-blocks-wrap\">\n<h5 class=\"wp-block-heading has-text-align-center has-ast-global-color-3-color has-text-color has-link-color wp-elements-dea91105918abc3c660af33214a1cce5\">Bahnhofstra\u00dfe 52, 31848 Bad M\u00fcnder<\/h5>\n<\/div><\/div>\n<\/div>\n<\/div>\n<\/div>\n\n\n\n<div class=\"wp-block-group is-layout-constrained wp-block-group-is-layout-constrained\">\n<div class=\"wp-block-uagb-container uagb-block-a38f8966 alignfull uagb-is-root-container\">\n<h4 class=\"wp-block-heading alignfull has-text-align-center\">Handball in der HSG<\/h4>\n\n\n\n<div class=\"wp-block-group has-ast-global-color-3-color has-ast-global-color-1-background-color has-text-color has-background has-link-color wp-elements-de9bee0d6cd839f8ab812502a03d71c4 is-vertical is-layout-flex wp-container-core-group-is-layout-fe9cc265 wp-block-group-is-layout-flex\">\n<div class=\"wp-block-uagb-container uagb-block-c504559c alignfull uagb-is-root-container\"><div class=\"uagb-container-inner-blocks-wrap\">\n<h5 class=\"wp-block-heading has-text-align-center has-ast-global-color-3-color has-text-color has-link-color wp-elements-d87d08db95ee3c07d19de4c09c317775\">Innerhalb unserer Spielgemeinschaft wird Handball f\u00fcr alle Altersklassen ab 3 Jahren in Springe angeboten.<br>Bei Interesse gern die untenstehenden Ansprechpartner kontaktieren oder auf der Webseite der HSG nachschauen.<br>Ort: Schulzentrum S\u00fcd \/ Springe<\/h5>\n\n\n\n<p class=\"has-text-align-center has-black-color has-ast-global-color-3-background-color has-text-color has-background\"> <a href=\"https:\/\/www.hsg-deister-suentel.de\/de\/trainingszeiten\/\"><strong>https:\/\/www.hsg-deister-suentel.de\/de\/trainingszeiten\/<\/strong><\/a><\/p>\n<\/div><\/div>\n<\/div>\n<\/div>\n<\/div>\n\n\n\n<div class=\"wp-block-uagb-container uagb-block-7d1568a6 default uagb-is-root-container\">\n<h3 class=\"wp-block-heading alignfull has-text-align-center has-ast-global-color-5-color has-ast-global-color-3-background-color has-text-color has-background has-link-color wp-elements-85d6192b1a38c0706f5f8065c2d0f5be\" style=\"margin-right:0px;margin-left:0px;padding-top:20px;padding-bottom:20px\">Sportst\u00e4tten und Auskunft<\/h3>\n<\/div>\n\n\n\n<div class=\"wp-block-group is-layout-grid wp-container-core-group-is-layout-5b58ce6b wp-block-group-is-layout-grid\" style=\"margin-top:0px;margin-bottom:0px;padding-top:10px;padding-right:30px;padding-bottom:10px;padding-left:30px\">\n<div class=\"wp-block-uagb-container uagb-block-badec553 alignfull uagb-is-root-container\">\n<h4 class=\"wp-block-heading alignfull has-text-align-center\">Sporthalle KGS<\/h4>\n\n\n\n<div class=\"wp-block-group has-ast-global-color-3-color has-ast-global-color-1-background-color has-text-color has-background has-link-color wp-elements-af3b86d456b8ae376ec4434beadc5313 is-vertical is-layout-flex wp-container-core-group-is-layout-fe9cc265 wp-block-group-is-layout-flex\">\n<div class=\"wp-block-uagb-container uagb-block-21944a91 alignfull uagb-is-root-container\"><div class=\"uagb-container-inner-blocks-wrap\">\n<h5 class=\"wp-block-heading has-text-align-center has-ast-global-color-3-color has-text-color has-link-color has-large-font-size wp-elements-51cad5dcac22acde4f7e5f5f26879afe\" style=\"margin-top:2px;margin-bottom:50px\">Bahnhofstr. 52<\/h5>\n\n\n\n<h5 class=\"wp-block-heading has-text-align-center has-ast-global-color-3-color has-text-color has-link-color has-large-font-size wp-elements-a08da2ca9735bdcc57ab1fbab3ca34f5\" style=\"margin-top:50px\">31848 Bad M\u00fcnder<\/h5>\n<\/div><\/div>\n\n\n\n<figure class=\"wp-block-image size-full\"><img loading=\"lazy\" decoding=\"async\" width=\"841\" height=\"639\" src=\"https:\/\/demo.xn--tuspo-bad-mnder-9vb.de\/handball\/wp-content\/uploads\/sites\/24\/2024\/12\/turnhalleKGS.png\" alt=\"\" class=\"wp-image-3606\" srcset=\"https:\/\/demo.xn--tuspo-bad-mnder-9vb.de\/handball\/wp-content\/uploads\/sites\/24\/2024\/12\/turnhalleKGS.png 841w, https:\/\/demo.xn--tuspo-bad-mnder-9vb.de\/handball\/wp-content\/uploads\/sites\/24\/2024\/12\/turnhalleKGS-300x228.png 300w, https:\/\/demo.xn--tuspo-bad-mnder-9vb.de\/handball\/wp-content\/uploads\/sites\/24\/2024\/12\/turnhalleKGS-768x584.png 768w\" sizes=\"auto, (max-width: 841px) 100vw, 841px\" \/><\/figure>\n<\/div>\n<\/div>\n\n\n\n<div class=\"wp-block-uagb-container uagb-block-5b4a07f3 alignfull uagb-is-root-container\">\n<h4 class=\"wp-block-heading alignfull has-text-align-center\">Auskunft<\/h4>\n\n\n\n<div class=\"wp-block-group has-ast-global-color-3-color has-ast-global-color-1-background-color has-text-color has-background has-link-color wp-elements-efb014d38b7b1cbc909438d03b0333b5 is-vertical is-layout-flex wp-container-core-group-is-layout-fe9cc265 wp-block-group-is-layout-flex\">\n<div class=\"wp-block-uagb-container uagb-block-0aaff7c7 alignfull uagb-is-root-container\"><div class=\"uagb-container-inner-blocks-wrap\">\n<h4 class=\"wp-block-heading has-text-align-center has-ast-global-color-3-color has-text-color has-link-color wp-elements-ba8f71be7ca05dcd72ae285a8ce7da79\">Lukas Henke<\/h4>\n\n\n      \n\t\t\t<div class=\"uagb-icon-wrapper uagb-block-f2e6f2f2      \"\n\t\t\tstyle=\"\" >\n\t\t\t\t\t\t\t\t\t<span class=\"uagb-svg-wrapper\" \n\t\t\t\t\t aria-label=\"phone\"\t\t\t\t\ttabindex=\"0\">\t\t\n\t\t\t\t\t\t\t\t\t\t<svg xmlns=\"https:\/\/www.w3.org\/2000\/svg\" viewBox= \"0 0 512 512\" role=\"graphics-symbol\" aria-hidden=\"false\" aria-label=\"\"><path d=\"M511.2 387l-23.25 100.8c-3.266 14.25-15.79 24.22-30.46 24.22C205.2 512 0 306.8 0 54.5c0-14.66 9.969-27.2 24.22-30.45l100.8-23.25C139.7-2.602 154.7 5.018 160.8 18.92l46.52 108.5c5.438 12.78 1.77 27.67-8.98 36.45L144.5 207.1c33.98 69.22 90.26 125.5 159.5 159.5l44.08-53.8c8.688-10.78 23.69-14.51 36.47-8.975l108.5 46.51C506.1 357.2 514.6 372.4 511.2 387z\"><\/path><\/svg>\n\t\t\t\t\t\t\t\t\t<\/span>\n\t\t\t\t\t\t\t<\/div>\n\t\t\t\n\n\n<h4 class=\"wp-block-heading has-text-align-center has-ast-global-color-3-color has-text-color has-link-color wp-elements-ca0660a34292c9934465ab0a59becf9f\">0151\/65138839<\/h4>\n\n\n      \n\t\t\t<div class=\"uagb-icon-wrapper uagb-block-8912fc9c      \"\n\t\t\tstyle=\"\" >\n\t\t\t\t\t\t\t\t\t<span class=\"uagb-svg-wrapper\" \n\t\t\t\t\t aria-label=\"envelope\"\t\t\t\t\ttabindex=\"0\">\t\t\n\t\t\t\t\t\t\t\t\t\t<svg xmlns=\"https:\/\/www.w3.org\/2000\/svg\" viewBox= \"0 0 512 512\" role=\"graphics-symbol\" aria-hidden=\"false\" aria-label=\"\"><path d=\"M464 64C490.5 64 512 85.49 512 112C512 127.1 504.9 141.3 492.8 150.4L275.2 313.6C263.8 322.1 248.2 322.1 236.8 313.6L19.2 150.4C7.113 141.3 0 127.1 0 112C0 85.49 21.49 64 48 64H464zM217.6 339.2C240.4 356.3 271.6 356.3 294.4 339.2L512 176V384C512 419.3 483.3 448 448 448H64C28.65 448 0 419.3 0 384V176L217.6 339.2z\"><\/path><\/svg>\n\t\t\t\t\t\t\t\t\t<\/span>\n\t\t\t\t\t\t\t<\/div>\n\t\t\t\n\n\n<h4 class=\"wp-block-heading has-text-align-center has-ast-global-color-3-color has-ast-global-color-1-background-color has-text-color has-background has-link-color wp-elements-329404e15ebe19f8d1135ad5b1286883\">lukas.henke@hotmail.com<\/h4>\n\n\n\n<div class=\"wp-block-uagb-separator uagb-block-768257e2\"><div class=\"wp-block-uagb-separator__inner\" style=\"--my-background-image:\"><\/div><\/div>\n<\/div><\/div>\n\n\n\n<div class=\"wp-block-uagb-container uagb-block-922c5954 alignfull uagb-is-root-container\"><div class=\"uagb-container-inner-blocks-wrap\">\n<h4 class=\"wp-block-heading has-text-align-center has-ast-global-color-3-color has-text-color has-link-color wp-elements-3a22f677975efceeb8c45467217a45b0\">Leon Ku\u00df<\/h4>\n\n\n      \n\t\t\t<div class=\"uagb-icon-wrapper uagb-block-4acba417      \"\n\t\t\tstyle=\"\" >\n\t\t\t\t\t\t\t\t\t<span class=\"uagb-svg-wrapper\" \n\t\t\t\t\t aria-label=\"phone\"\t\t\t\t\ttabindex=\"0\">\t\t\n\t\t\t\t\t\t\t\t\t\t<svg xmlns=\"https:\/\/www.w3.org\/2000\/svg\" viewBox= \"0 0 512 512\" role=\"graphics-symbol\" aria-hidden=\"false\" aria-label=\"\"><path d=\"M511.2 387l-23.25 100.8c-3.266 14.25-15.79 24.22-30.46 24.22C205.2 512 0 306.8 0 54.5c0-14.66 9.969-27.2 24.22-30.45l100.8-23.25C139.7-2.602 154.7 5.018 160.8 18.92l46.52 108.5c5.438 12.78 1.77 27.67-8.98 36.45L144.5 207.1c33.98 69.22 90.26 125.5 159.5 159.5l44.08-53.8c8.688-10.78 23.69-14.51 36.47-8.975l108.5 46.51C506.1 357.2 514.6 372.4 511.2 387z\"><\/path><\/svg>\n\t\t\t\t\t\t\t\t\t<\/span>\n\t\t\t\t\t\t\t<\/div>\n\t\t\t\n\n\n<h4 class=\"wp-block-heading has-text-align-center has-ast-global-color-3-color has-text-color has-link-color wp-elements-e3867ee96eda7111ec8525a8df7172f5\">0172\/6923524<\/h4>\n\n\n      \n\t\t\t<div class=\"uagb-icon-wrapper uagb-block-32d0dfce      \"\n\t\t\tstyle=\"\" >\n\t\t\t\t\t\t\t\t\t<span class=\"uagb-svg-wrapper\" \n\t\t\t\t\t aria-label=\"envelope\"\t\t\t\t\ttabindex=\"0\">\t\t\n\t\t\t\t\t\t\t\t\t\t<svg xmlns=\"https:\/\/www.w3.org\/2000\/svg\" viewBox= \"0 0 512 512\" role=\"graphics-symbol\" aria-hidden=\"false\" aria-label=\"\"><path d=\"M464 64C490.5 64 512 85.49 512 112C512 127.1 504.9 141.3 492.8 150.4L275.2 313.6C263.8 322.1 248.2 322.1 236.8 313.6L19.2 150.4C7.113 141.3 0 127.1 0 112C0 85.49 21.49 64 48 64H464zM217.6 339.2C240.4 356.3 271.6 356.3 294.4 339.2L512 176V384C512 419.3 483.3 448 448 448H64C28.65 448 0 419.3 0 384V176L217.6 339.2z\"><\/path><\/svg>\n\t\t\t\t\t\t\t\t\t<\/span>\n\t\t\t\t\t\t\t<\/div>\n\t\t\t\n\n\n<h4 class=\"wp-block-heading has-text-align-center has-ast-global-color-3-color has-ast-global-color-1-background-color has-text-color has-background has-link-color wp-elements-73b8fb114a3b8e9daa9b825bb85bde9c\">leon.kuss@hotmail.com<\/h4>\n\n\n\n<div class=\"wp-block-uagb-separator uagb-block-60e34129\"><div class=\"wp-block-uagb-separator__inner\" style=\"--my-background-image:\"><\/div><\/div>\n<\/div><\/div>\n\n\n\n<div class=\"wp-block-uagb-container uagb-block-571802c6 alignfull uagb-is-root-container\"><div class=\"uagb-container-inner-blocks-wrap\">      \n\t\t\t<div class=\"uagb-icon-wrapper uagb-block-91700bcd      \"\n\t\t\tstyle=\"\" >\n\t\t\t\t\t\t\t\t\t<span class=\"uagb-svg-wrapper\" \n\t\t\t\t\t aria-label=\"globe\"\t\t\t\t\ttabindex=\"0\">\t\t\n\t\t\t\t\t\t\t\t\t\t<svg xmlns=\"https:\/\/www.w3.org\/2000\/svg\" viewBox= \"0 0 512 512\" role=\"graphics-symbol\" aria-hidden=\"false\" aria-label=\"\"><path d=\"M352 256C352 278.2 350.8 299.6 348.7 320H163.3C161.2 299.6 159.1 278.2 159.1 256C159.1 233.8 161.2 212.4 163.3 192H348.7C350.8 212.4 352 233.8 352 256zM503.9 192C509.2 212.5 512 233.9 512 256C512 278.1 509.2 299.5 503.9 320H380.8C382.9 299.4 384 277.1 384 256C384 234 382.9 212.6 380.8 192H503.9zM493.4 160H376.7C366.7 96.14 346.9 42.62 321.4 8.442C399.8 29.09 463.4 85.94 493.4 160zM344.3 160H167.7C173.8 123.6 183.2 91.38 194.7 65.35C205.2 41.74 216.9 24.61 228.2 13.81C239.4 3.178 248.7 0 256 0C263.3 0 272.6 3.178 283.8 13.81C295.1 24.61 306.8 41.74 317.3 65.35C328.8 91.38 338.2 123.6 344.3 160H344.3zM18.61 160C48.59 85.94 112.2 29.09 190.6 8.442C165.1 42.62 145.3 96.14 135.3 160H18.61zM131.2 192C129.1 212.6 127.1 234 127.1 256C127.1 277.1 129.1 299.4 131.2 320H8.065C2.8 299.5 0 278.1 0 256C0 233.9 2.8 212.5 8.065 192H131.2zM194.7 446.6C183.2 420.6 173.8 388.4 167.7 352H344.3C338.2 388.4 328.8 420.6 317.3 446.6C306.8 470.3 295.1 487.4 283.8 498.2C272.6 508.8 263.3 512 255.1 512C248.7 512 239.4 508.8 228.2 498.2C216.9 487.4 205.2 470.3 194.7 446.6H194.7zM190.6 503.6C112.2 482.9 48.59 426.1 18.61 352H135.3C145.3 415.9 165.1 469.4 190.6 503.6V503.6zM321.4 503.6C346.9 469.4 366.7 415.9 376.7 352H493.4C463.4 426.1 399.8 482.9 321.4 503.6V503.6z\"><\/path><\/svg>\n\t\t\t\t\t\t\t\t\t<\/span>\n\t\t\t\t\t\t\t<\/div>\n\t\t\t\n\n\n<h4 class=\"wp-block-heading has-text-align-center has-ast-global-color-3-color has-ast-global-color-1-background-color has-text-color has-background has-link-color wp-elements-50d25021202f2e0d043af46d4974862c\"><a class=\"dasBlaue\" href=\"https:\/\/www.hsg-deister-suentel.de\">hsg-deister-suentel.de<\/a><\/h4>\n<\/div><\/div>\n<\/div>\n<\/div>\n<\/div>\n\n\n\n<div class=\"wp-block-uagb-container uagb-block-04a56cca alignfull uagb-is-root-container\">      \n\t\t\t<div class=\"uagb-icon-wrapper uagb-block-387fdae8      \"\n\t\t\tstyle=\"\" >\n\t\t\t\t\t\t\t\t\t<span class=\"uagb-svg-wrapper\" \n\t\t\t\t\t aria-label=\"facebook\"\t\t\t\t\ttabindex=\"0\">\t\t\n\t\t\t\t\t\t\t\t\t\t<a rel=\"noopener noreferrer\" href=\"https:\/\/www.facebook.com\/HSGDeisterSuentel\" target=\"_self\"><svg xmlns=\"https:\/\/www.w3.org\/2000\/svg\" viewBox= \"0 0 512 512\" role=\"graphics-symbol\" aria-hidden=\"false\" aria-label=\"\"><path d=\"M504 256C504 119 393 8 256 8S8 119 8 256c0 123.8 90.69 226.4 209.3 245V327.7h-63V256h63v-54.64c0-62.15 37-96.48 93.67-96.48 27.14 0 55.52 4.84 55.52 4.84v61h-31.28c-30.8 0-40.41 19.12-40.41 38.73V256h68.78l-11 71.69h-57.78V501C413.3 482.4 504 379.8 504 256z\"><\/path><\/svg><\/a>\n\t\t\t\t\t\t\t\t\t<\/span>\n\t\t\t\t\t\t\t<\/div>\n\t\t\t<\/div>\n","protected":false},"excerpt":{"rendered":"<p>Willkommen bei der Handballabteilung Liebe Freunde des Handballs, sch\u00f6n das ihr auf unserer Seite gelandet seid. Wir, die Handballabteilung der [&hellip;]<\/p>\n","protected":false},"author":1,"featured_media":0,"parent":0,"menu_order":0,"comment_status":"closed","ping_status":"closed","template":"","meta":{"_uag_custom_page_level_css":"","site-sidebar-layout":"default","site-content-layout":"plain-container","ast-site-content-layout":"default","site-content-style":"default","site-sidebar-style":"unboxed","ast-global-header-display":"","ast-banner-title-visibility":"disabled","ast-main-header-display":"","ast-hfb-above-header-display":"","ast-hfb-below-header-display":"","ast-hfb-mobile-header-display":"","site-post-title":"disabled","ast-breadcrumbs-content":"","ast-featured-img":"disabled","footer-sml-layout":"","ast-disable-related-posts":"","theme-transparent-header-meta":"default","adv-header-id-meta":"","stick-header-meta":"","header-above-stick-meta":"","header-main-stick-meta":"","header-below-stick-meta":"","astra-migrate-meta-layouts":"set","ast-page-background-enabled":"default","ast-page-background-meta":{"desktop":{"background-color":"","background-image":"","background-repeat":"repeat","background-position":"center center","background-size":"auto","background-attachment":"scroll","background-type":"","background-media":"","overlay-type":"","overlay-color":"","overlay-opacity":"","overlay-gradient":""},"tablet":{"background-color":"","background-image":"","background-repeat":"repeat","background-position":"center center","background-size":"auto","background-attachment":"scroll","background-type":"","background-media":"","overlay-type":"","overlay-color":"","overlay-opacity":"","overlay-gradient":""},"mobile":{"background-color":"","background-image":"","background-repeat":"repeat","background-position":"center center","background-size":"auto","background-attachment":"scroll","background-type":"","background-media":"","overlay-type":"","overlay-color":"","overlay-opacity":"","overlay-gradient":""}},"ast-content-background-meta":{"desktop":{"background-color":"var(--ast-global-color-5)","background-image":"","background-repeat":"repeat","background-position":"center center","background-size":"auto","background-attachment":"scroll","background-type":"","background-media":"","overlay-type":"","overlay-color":"","overlay-opacity":"","overlay-gradient":""},"tablet":{"background-color":"var(--ast-global-color-5)","background-image":"","background-repeat":"repeat","background-position":"center center","background-size":"auto","background-attachment":"scroll","background-type":"","background-media":"","overlay-type":"","overlay-color":"","overlay-opacity":"","overlay-gradient":""},"mobile":{"background-color":"var(--ast-global-color-5)","background-image":"","background-repeat":"repeat","background-position":"center center","background-size":"auto","background-attachment":"scroll","background-type":"","background-media":"","overlay-type":"","overlay-color":"","overlay-opacity":"","overlay-gradient":""}},"footnotes":""},"class_list":["post-1718","page","type-page","status-publish","hentry"],"uagb_featured_image_src":{"full":false,"thumbnail":false,"medium":false,"medium_large":false,"large":false,"1536x1536":false,"2048x2048":false},"uagb_author_info":{"display_name":"sv-gr@gmx.de","author_link":"https:\/\/demo.xn--tuspo-bad-mnder-9vb.de\/handball\/author\/sv-grgmx-de\/"},"uagb_comment_info":0,"uagb_excerpt":"Willkommen bei der Handballabteilung Liebe Freunde des Handballs, sch\u00f6n das ihr auf unserer Seite gelandet seid. Wir, die Handballabteilung der [&hellip;]","_links":{"self":[{"href":"https:\/\/demo.xn--tuspo-bad-mnder-9vb.de\/handball\/wp-json\/wp\/v2\/pages\/1718","targetHints":{"allow":["GET"]}}],"collection":[{"href":"https:\/\/demo.xn--tuspo-bad-mnder-9vb.de\/handball\/wp-json\/wp\/v2\/pages"}],"about":[{"href":"https:\/\/demo.xn--tuspo-bad-mnder-9vb.de\/handball\/wp-json\/wp\/v2\/types\/page"}],"author":[{"embeddable":true,"href":"https:\/\/demo.xn--tuspo-bad-mnder-9vb.de\/handball\/wp-json\/wp\/v2\/users\/1"}],"replies":[{"embeddable":true,"href":"https:\/\/demo.xn--tuspo-bad-mnder-9vb.de\/handball\/wp-json\/wp\/v2\/comments?post=1718"}],"version-history":[{"count":98,"href":"https:\/\/demo.xn--tuspo-bad-mnder-9vb.de\/handball\/wp-json\/wp\/v2\/pages\/1718\/revisions"}],"predecessor-version":[{"id":3654,"href":"https:\/\/demo.xn--tuspo-bad-mnder-9vb.de\/handball\/wp-json\/wp\/v2\/pages\/1718\/revisions\/3654"}],"wp:attachment":[{"href":"https:\/\/demo.xn--tuspo-bad-mnder-9vb.de\/handball\/wp-json\/wp\/v2\/media?parent=1718"}],"curies":[{"name":"wp","href":"https:\/\/api.w.org\/{rel}","templated":true}]}}